{"id":568,"date":"2025-03-12T17:43:05","date_gmt":"2025-03-12T17:43:05","guid":{"rendered":"https:\/\/desentupidoralimpja.com.br\/litoral-sul\/?page_id=568"},"modified":"2025-03-14T15:30:22","modified_gmt":"2025-03-14T15:30:22","slug":"limpeza-de-fossa","status":"publish","type":"page","link":"https:\/\/desentupidoralimpja.com.br\/litoral-sul\/limpeza-de-fossa\/","title":{"rendered":"Limpeza de Fossa"},"content":{"rendered":"\n<p>Limpeza de fossa s\u00e9ptica, fossa, sumidouro, caixa de gordura. Propomos um servi\u00e7o simples e r\u00e1pido, com alto conhecimento t\u00e9cnico de limpeza de fossa e hidrojateamento do esgoto.<\/p>\n\n\n\n<p>Nossos servi\u00e7os de esgotamento, transporte e descarte s\u00e3o realizados seguindo as mais r\u00edgidas normas de seguran\u00e7a e com total responsabilidade ambiental.<\/p>\n\n\n\n<p>Os nossos servi\u00e7os de desentupidora limpa Fossa, s\u00e3o executados na mais absoluta higiene, com toda seguran\u00e7a, de modo profissional, com alto conhecimento t\u00e9cnico, com equipes de encanadores treinados para resolver mais urgente poss\u00edvel o transtorno do entupimento.<\/p>\n\n\n\n<p>A Desentupidora Limp J\u00e1 atua h\u00e1 mais de 20 anos no mercado na limpeza de fossas, limpa fossa negras, fossa s\u00e9pticas, caixa de gordura, po\u00e7os de recalque, caixa de reten\u00e7\u00e3o, inunda\u00e7\u00f5es. Todos os nossos servi\u00e7os s\u00e3o executados em ve\u00edculos equipados com modernos sistemas de auto-v\u00e1cuo, que transportam res\u00edduos l\u00edquidos, pastosos ou granulados.<\/p>\n\n\n\n<p>\u200bAtendemos 24 horas, inclusive aos S\u00e1bados, Domingos e Feriados. Ap\u00f3s o trabalho a Desentupidora Limp J\u00e1 fornece garantia por escrito de todos os servi\u00e7os prestados.<\/p>\n\n\n\n<p>A limpeza da fossa \u00e9 indicada quando a capacidade de armazenamento est\u00e1 pr\u00f3xima do seu limite, evitando o acumulo excessivo de lodo e res\u00edduos de esgoto em geral, bem como, prevenindo o transbordamento e combatendo a prolifera\u00e7\u00e3o de pragas e do mau cheiro.<\/p>\n\n\n\n<ul class=\"wp-block-list\">\n<li>ESGOTAMENTO DE FOSSA<\/li>\n\n\n\n<li>ESGOTAMENTO DE FOSSA S\u00c9PTICA<\/li>\n\n\n\n<li>ESGOTAMENTO DE FOSSA NEGRA<\/li>\n\n\n\n<li>ESGOTAMENTO DE SEMIDOURO<\/li>\n\n\n\n<li>ESGOTAMENTO DE LAMA<\/li>\n\n\n\n<li>ESGOTAMENTO DE PO\u00c7O DE RECALQUE<\/li>\n\n\n\n<li>ESGOTAMENTO DE TANQUE DE DECANTA\u00c7\u00c3O<\/li>\n\n\n\n<li>ESGOTAMENTO E LIMPEZA DE CAIXA DE GORDURA<\/li>\n<\/ul>\n","protected":false},"excerpt":{"rendered":"<p>Limpeza de fossa s\u00e9ptica, fossa, sumidouro, caixa de gordura. Propomos um servi\u00e7o simples e r\u00e1pido, com alto conhecimento t\u00e9cnico de limpeza de fossa e hidrojateamento do esgoto. Nossos servi\u00e7os de esgotamento, transporte e descarte s\u00e3o realizados seguindo as mais r\u00edgidas normas de seguran\u00e7a e com total responsabilidade ambiental. Os nossos servi\u00e7os de desentupidora limpa Fossa, [&hellip;]<\/p>\n","protected":false},"author":2,"featured_media":2458,"parent":0,"menu_order":0,"comment_status":"closed","ping_status":"closed","template":"","meta":{"footnotes":""},"class_list":["post-568","page","type-page","status-publish","has-post-thumbnail","hentry"],"_links":{"self":[{"href":"https:\/\/desentupidoralimpja.com.br\/litoral-sul\/wp-json\/wp\/v2\/pages\/568","targetHints":{"allow":["GET"]}}],"collection":[{"href":"https:\/\/desentupidoralimpja.com.br\/litoral-sul\/wp-json\/wp\/v2\/pages"}],"about":[{"href":"https:\/\/desentupidoralimpja.com.br\/litoral-sul\/wp-json\/wp\/v2\/types\/page"}],"author":[{"embeddable":true,"href":"https:\/\/desentupidoralimpja.com.br\/litoral-sul\/wp-json\/wp\/v2\/users\/2"}],"replies":[{"embeddable":true,"href":"https:\/\/desentupidoralimpja.com.br\/litoral-sul\/wp-json\/wp\/v2\/comments?post=568"}],"version-history":[{"count":3,"href":"https:\/\/desentupidoralimpja.com.br\/litoral-sul\/wp-json\/wp\/v2\/pages\/568\/revisions"}],"predecessor-version":[{"id":2462,"href":"https:\/\/desentupidoralimpja.com.br\/litoral-sul\/wp-json\/wp\/v2\/pages\/568\/revisions\/2462"}],"wp:featuredmedia":[{"embeddable":true,"href":"https:\/\/desentupidoralimpja.com.br\/litoral-sul\/wp-json\/wp\/v2\/media\/2458"}],"wp:attachment":[{"href":"https:\/\/desentupidoralimpja.com.br\/litoral-sul\/wp-json\/wp\/v2\/media?parent=568"}],"curies":[{"name":"wp","href":"https:\/\/api.w.org\/{rel}","templated":true}]}}